{"id":114,"date":"2018-07-13T19:19:37","date_gmt":"2018-07-13T19:19:37","guid":{"rendered":"http:\/\/www.utn.edu.ec\/congresopsicologia\/?page_id=114"},"modified":"2020-10-07T23:49:46","modified_gmt":"2020-10-07T23:49:46","slug":"informacion","status":"publish","type":"page","link":"https:\/\/congresopsicologia.utn.edu.ec\/","title":{"rendered":"Informaci\u00f3n"},"content":{"rendered":"<h2 style=\"text-align: center;\"><span style=\"color: #ff0000;\">III CONGRESO INTERNACIONAL<\/span><span style=\"color: #333333;\">\u00a0PSICOLOG\u00cdA EN LA EDUCACI\u00d3N<\/span><\/h2>\n<h3><strong>Ejes de Investigaci\u00f3n:<\/strong><\/h3>\n<ul>\n<li>Salud y bienestar integral.<\/li>\n<li>Gesti\u00f3n, calidad de la educaci\u00f3n, procesos pedag\u00f3gicos e idiomas.<\/li>\n<li>Desarrollo social y del comportamiento humano.<\/li>\n<\/ul>\n<h3><strong>Fechas a considerar:<\/strong><\/h3>\n<ul>\n<li>Env\u00edo de extensos:\u00a0 30 de abril de 2020.<\/li>\n<\/ul>\n<p><a href=\"https:\/\/easychair.org\/conferences\/?conf=cipe2020\">https:\/\/easychair.org\/conferences\/?conf=cipe2020<\/a><\/p>\n<ul>\n<li>Comunicaci\u00f3n de aceptaciones: del 15 de mayo hasta el\u00a0 5 de junio de 2020.<\/li>\n<li>Entrega de comentarios y sugerencias a los trabajos cient\u00edficos:\u00a0 de 1 de junio hasta 15 de junio de 2020.<\/li>\n<li>Env\u00edo de extensos corregidos: 30 de junio de 2020.<\/li>\n<\/ul>\n<h3><strong>Modalidades de participaci\u00f3n:<\/strong><\/h3>\n<ul>\n<li>Art\u00edculo Cient\u00edfico para Ponencia: Investigaciones de revisi\u00f3n te\u00f3rico &#8211; documental, descriptiva, experimental, casos cl\u00ednicos.<\/li>\n<\/ul>\n<h3><strong>Beneficios para los trabajos cient\u00edficos aceptados:<\/strong><\/h3>\n<p style=\"text-align: justify;\">Los trabajos cient\u00edficos presentados para la modalidad de ponencia\u00a0 que hayan pasado por la revisi\u00f3n del comit\u00e9 cient\u00edfico del evento y que hayan sido aprobados, ser\u00e1n indexados en Scopus o WOS, en la revista Ecos de la Academia, Latindex o como cap\u00edtulo de libro de acuerdo con la modalidad que el ponente realice su inscripci\u00f3n; adem\u00e1s, se emitir\u00e1 doble certificado (asistentes y ponentes) a quienes hayan realizado la presentaci\u00f3n de su investigaci\u00f3n.<\/p>\n<p><strong>Pol\u00edticas de Publicaci\u00f3n<\/strong><\/p>\n<ol>\n<li>Los art\u00edculos en extenso, que sean enviados al congreso, tienen que ser originales; es decir, que no hayan sido publicados o aceptados para su publicaci\u00f3n en otras revistas, libros, etc.<\/li>\n<li>Todos los art\u00edculos remitidos al congreso ser\u00e1n sometidos a un proceso de arbitraje mediante pares ciegos.<\/li>\n<li>Todos los art\u00edculos en extenso deber\u00e1n enviarse a trav\u00e9s del formulario disponible en la p\u00e1gina web del congreso. Los aceptados para el congreso ser\u00e1n publicados en la base de datos SCOPUS o WOS (en ingl\u00e9s), en la revista \u00abECOS de la Academia, indexada a LATINDEX (en castellano) o en cap\u00edtulo de libro, dependiendo del tipo de inscripci\u00f3n que paguen los autores.<\/li>\n<li>En cada art\u00edculo podr\u00e1n constar m\u00e1ximo cuatro autores.<\/li>\n<li>Una persona puede aparecer m\u00e1ximo en tres art\u00edculos publicados por el congreso; sin embargo, solo en uno podr\u00e1 aparecer como autor principal.<\/li>\n<li>El autor principal del art\u00edculo ser\u00e1 quien cancele el valor de publicaci\u00f3n (SCOPUS o WOS, Latindex o Cap\u00edtulo de libro). Los dem\u00e1s autores deber\u00e1n pagar solo el valor de inscripci\u00f3n en el congreso. Cualquier de los autores podr\u00e1 hacer la ponencia respectiva en el congreso.<\/li>\n<li>La asistencia al congreso, as\u00ed como las ponencias deben hacerse de manera virtual, estas deber\u00e1n enviarse en PP con im\u00e1genes y sonido , con una duraci\u00f3n m\u00e1xima de 10 minutos.<\/li>\n<li>Todos los inscritos y ponentes recibir\u00e1n el respectivo certificado electr\u00f3nico.<\/li>\n<\/ol>\n<h3><strong>Inversi\u00f3n:<\/strong><\/h3>\n<ul>\n<li>Estudiantes externos: 35 d\u00f3lares<\/li>\n<li>Estudiantes de instituciones auspiciantes: 30 d\u00f3lares<\/li>\n<li>Profesionales de instituciones auspiciantes: 50 d\u00f3lares<\/li>\n<li>Profesionales externos: 60 d\u00f3lares<\/li>\n<li>Ponencia con art\u00edculo cient\u00edfico indexado Latindex: 100 d\u00f3lares<\/li>\n<li>Ponencia con art\u00edculo cient\u00edfico indexado Scopus: 390 d\u00f3lares<\/li>\n<\/ul>\n","protected":false},"excerpt":{"rendered":"<p>III CONGRESO INTERNACIONAL\u00a0PSICOLOG\u00cdA EN LA EDUCACI\u00d3N Ejes de Investigaci\u00f3n: Salud y bienestar integral. Gesti\u00f3n, calidad de la educaci\u00f3n, procesos pedag\u00f3gicos e idiomas. Desarrollo social y del comportamiento humano. Fechas a considerar: Env\u00edo de extensos:\u00a0 30 de abril de 2020. https:\/\/easychair.org\/conferences\/?conf=cipe2020 Comunicaci\u00f3n de aceptaciones: del 15 de mayo hasta el\u00a0 5 de junio de 2020. Entrega [&hellip;]<\/p>\n","protected":false},"author":2,"featured_media":0,"parent":0,"menu_order":0,"comment_status":"closed","ping_status":"closed","template":"","meta":[],"_links":{"self":[{"href":"https:\/\/congresopsicologia.utn.edu.ec\/index.php\/wp-json\/wp\/v2\/pages\/114"}],"collection":[{"href":"https:\/\/congresopsicologia.utn.edu.ec\/index.php\/wp-json\/wp\/v2\/pages"}],"about":[{"href":"https:\/\/congresopsicologia.utn.edu.ec\/index.php\/wp-json\/wp\/v2\/types\/page"}],"author":[{"embeddable":true,"href":"https:\/\/congresopsicologia.utn.edu.ec\/index.php\/wp-json\/wp\/v2\/users\/2"}],"replies":[{"embeddable":true,"href":"https:\/\/congresopsicologia.utn.edu.ec\/index.php\/wp-json\/wp\/v2\/comments?post=114"}],"version-history":[{"count":24,"href":"https:\/\/congresopsicologia.utn.edu.ec\/index.php\/wp-json\/wp\/v2\/pages\/114\/revisions"}],"predecessor-version":[{"id":294,"href":"https:\/\/congresopsicologia.utn.edu.ec\/index.php\/wp-json\/wp\/v2\/pages\/114\/revisions\/294"}],"wp:attachment":[{"href":"https:\/\/congresopsicologia.utn.edu.ec\/index.php\/wp-json\/wp\/v2\/media?parent=114"}],"curies":[{"name":"wp","href":"https:\/\/api.w.org\/{rel}","templated":true}]}}