{"id":18,"date":"2018-07-05T21:27:31","date_gmt":"2018-07-05T21:27:31","guid":{"rendered":"http:\/\/www.utn.edu.ec\/congresopsicologia\/?page_id=18"},"modified":"2019-11-13T16:37:24","modified_gmt":"2019-11-13T16:37:24","slug":"comite-organizador","status":"publish","type":"page","link":"https:\/\/congresopsicologia.utn.edu.ec\/index.php\/comite-organizador\/","title":{"rendered":"Comit\u00e9 Organizador"},"content":{"rendered":"<ul>\n<li style=\"list-style-type: none;\">\n<ul>\n<li>Mgs. Cristian Guzm\u00e1n Torres <strong>UTN<\/strong><\/li>\n<li>Ph.D. Miguel Posso Y\u00e9pez <strong>UTN<\/strong><\/li>\n<li>Mgs. Jessy Barba Ayala <strong>UTN<\/strong><\/li>\n<li style=\"text-align: left;\">Mgs. Ver\u00f3nica Le\u00f3n Ron. <strong>UTN<\/strong><\/li>\n<li>Mgs. Gabriela Narv\u00e1ez Olmedo. <strong>UTN<\/strong><\/li>\n<li>Mgs. Karina Pab\u00f3n Ponce.<strong> UTN<\/strong><\/li>\n<\/ul>\n<\/li>\n<\/ul>\n","protected":false},"excerpt":{"rendered":"<p>Mgs. Cristian Guzm\u00e1n Torres UTN Ph.D. Miguel Posso Y\u00e9pez UTN Mgs. Jessy Barba Ayala UTN Mgs. Ver\u00f3nica Le\u00f3n Ron. UTN Mgs. Gabriela Narv\u00e1ez Olmedo. UTN Mgs. Karina Pab\u00f3n Ponce. UTN<\/p>\n","protected":false},"author":2,"featured_media":0,"parent":0,"menu_order":0,"comment_status":"closed","ping_status":"closed","template":"","meta":[],"_links":{"self":[{"href":"https:\/\/congresopsicologia.utn.edu.ec\/index.php\/wp-json\/wp\/v2\/pages\/18"}],"collection":[{"href":"https:\/\/congresopsicologia.utn.edu.ec\/index.php\/wp-json\/wp\/v2\/pages"}],"about":[{"href":"https:\/\/congresopsicologia.utn.edu.ec\/index.php\/wp-json\/wp\/v2\/types\/page"}],"author":[{"embeddable":true,"href":"https:\/\/congresopsicologia.utn.edu.ec\/index.php\/wp-json\/wp\/v2\/users\/2"}],"replies":[{"embeddable":true,"href":"https:\/\/congresopsicologia.utn.edu.ec\/index.php\/wp-json\/wp\/v2\/comments?post=18"}],"version-history":[{"count":6,"href":"https:\/\/congresopsicologia.utn.edu.ec\/index.php\/wp-json\/wp\/v2\/pages\/18\/revisions"}],"predecessor-version":[{"id":193,"href":"https:\/\/congresopsicologia.utn.edu.ec\/index.php\/wp-json\/wp\/v2\/pages\/18\/revisions\/193"}],"wp:attachment":[{"href":"https:\/\/congresopsicologia.utn.edu.ec\/index.php\/wp-json\/wp\/v2\/media?parent=18"}],"curies":[{"name":"wp","href":"https:\/\/api.w.org\/{rel}","templated":true}]}}