{"id":7,"date":"2018-07-05T21:23:26","date_gmt":"2018-07-05T21:23:26","guid":{"rendered":"http:\/\/www.utn.edu.ec\/congresopsicologia\/?page_id=7"},"modified":"2018-07-14T05:19:39","modified_gmt":"2018-07-14T05:19:39","slug":"objetivo","status":"publish","type":"page","link":"https:\/\/congresopsicologia.utn.edu.ec\/index.php\/objetivo\/","title":{"rendered":"Objetivos"},"content":{"rendered":"<p>&#8211;\u00a0\u00a0\u00a0\u00a0\u00a0\u00a0\u00a0\u00a0\u00a0 Intercambio de aportaciones cient\u00edficas en el \u00e1mbito de la psicolog\u00eda y la educaci\u00f3n.<\/p>\n<p>&#8211;\u00a0\u00a0\u00a0\u00a0\u00a0\u00a0\u00a0\u00a0\u00a0 Difusi\u00f3n de la importancia del papel del profesional psic\u00f3logo en la educaci\u00f3n y las instituciones educativas.<\/p>\n<p>&#8211;\u00a0\u00a0\u00a0\u00a0\u00a0\u00a0\u00a0\u00a0\u00a0 Actualizaci\u00f3n de conocimientos en materia de psicolog\u00eda y educaci\u00f3n.<\/p>\n","protected":false},"excerpt":{"rendered":"<p>&#8211;\u00a0\u00a0\u00a0\u00a0\u00a0\u00a0\u00a0\u00a0\u00a0 Intercambio de aportaciones cient\u00edficas en el \u00e1mbito de la psicolog\u00eda y la educaci\u00f3n. &#8211;\u00a0\u00a0\u00a0\u00a0\u00a0\u00a0\u00a0\u00a0\u00a0 Difusi\u00f3n de la importancia del papel del profesional psic\u00f3logo en la educaci\u00f3n y las instituciones educativas. &#8211;\u00a0\u00a0\u00a0\u00a0\u00a0\u00a0\u00a0\u00a0\u00a0 Actualizaci\u00f3n de conocimientos en materia de psicolog\u00eda y educaci\u00f3n.<\/p>\n","protected":false},"author":2,"featured_media":0,"parent":0,"menu_order":0,"comment_status":"closed","ping_status":"closed","template":"","meta":[],"_links":{"self":[{"href":"https:\/\/congresopsicologia.utn.edu.ec\/index.php\/wp-json\/wp\/v2\/pages\/7"}],"collection":[{"href":"https:\/\/congresopsicologia.utn.edu.ec\/index.php\/wp-json\/wp\/v2\/pages"}],"about":[{"href":"https:\/\/congresopsicologia.utn.edu.ec\/index.php\/wp-json\/wp\/v2\/types\/page"}],"author":[{"embeddable":true,"href":"https:\/\/congresopsicologia.utn.edu.ec\/index.php\/wp-json\/wp\/v2\/users\/2"}],"replies":[{"embeddable":true,"href":"https:\/\/congresopsicologia.utn.edu.ec\/index.php\/wp-json\/wp\/v2\/comments?post=7"}],"version-history":[{"count":3,"href":"https:\/\/congresopsicologia.utn.edu.ec\/index.php\/wp-json\/wp\/v2\/pages\/7\/revisions"}],"predecessor-version":[{"id":136,"href":"https:\/\/congresopsicologia.utn.edu.ec\/index.php\/wp-json\/wp\/v2\/pages\/7\/revisions\/136"}],"wp:attachment":[{"href":"https:\/\/congresopsicologia.utn.edu.ec\/index.php\/wp-json\/wp\/v2\/media?parent=7"}],"curies":[{"name":"wp","href":"https:\/\/api.w.org\/{rel}","templated":true}]}}